{"id":1807,"date":"2023-03-10T09:06:21","date_gmt":"2023-03-10T09:06:21","guid":{"rendered":"http:\/\/andiamoyachting.com\/product\/walder-203-c\/"},"modified":"2024-01-02T10:20:12","modified_gmt":"2024-01-02T10:20:12","slug":"walder-203-c","status":"publish","type":"product","link":"https:\/\/andiamoyachting.com\/tr\/urun\/walder-203-c\/","title":{"rendered":"Walder\u00ae 203 C"},"content":{"rendered":"<figure class=\"wp-block-table\">\n<table>\n<tbody>\n<tr>\n<td>Tekne Boyu<\/td>\n<td>: 9 &#8211; 12 m<\/td>\n<\/tr>\n<tr>\n<td>Ana Yelken Alan\u0131<\/td>\n<td>: &lt; 40 m\u00b2<\/td>\n<\/tr>\n<tr>\n<td>Deplasman<\/td>\n<td>: 4 &#8211; 8 ton<\/td>\n<\/tr>\n<tr>\n<td>Halat \u00c7ap\u0131<\/td>\n<td>: \u00d8 8 mm<\/td>\n<\/tr>\n<tr>\n<td>Renkler<\/td>\n<td>: Al\u00fcminyum, siyah ve titanyum<\/td>\n<\/tr>\n<tr>\n<td colspan=\"2\">Eloksall\u0131 marin al\u00fcminyum<\/td>\n<\/tr>\n<tr>\n<td colspan=\"2\">Paslanmaz kollar<\/td>\n<\/tr>\n<tr>\n<td colspan=\"2\">10 y\u0131l garanti<\/td>\n<\/tr>\n<\/tbody>\n<\/table>\n<\/figure>\n","protected":false},"excerpt":{"rendered":"<p>Kavan\u00e7a atarken olu\u015fabilecek tehlikeleri engellemek i\u00e7in Walder 203C bumba freni bumban\u0131n yatay ve dikey hareketini kontrol ederek bumban\u0131n bir k\u00fcpe\u015fteden di\u011fer k\u00fcpe\u015fteye g\u00fcvenli ve kontroll\u00fc bir \u015fekilde ge\u00e7i\u015fini sa\u011flar.<\/p>\n","protected":false},"featured_media":1594,"comment_status":"open","ping_status":"closed","template":"","meta":[],"product_cat":[50],"product_tag":[51,52,57,53],"acf":[],"_links":{"self":[{"href":"https:\/\/andiamoyachting.com\/tr\/wp-json\/wp\/v2\/product\/1807"}],"collection":[{"href":"https:\/\/andiamoyachting.com\/tr\/wp-json\/wp\/v2\/product"}],"about":[{"href":"https:\/\/andiamoyachting.com\/tr\/wp-json\/wp\/v2\/types\/product"}],"replies":[{"embeddable":true,"href":"https:\/\/andiamoyachting.com\/tr\/wp-json\/wp\/v2\/comments?post=1807"}],"wp:featuredmedia":[{"embeddable":true,"href":"https:\/\/andiamoyachting.com\/tr\/wp-json\/wp\/v2\/media\/1594"}],"wp:attachment":[{"href":"https:\/\/andiamoyachting.com\/tr\/wp-json\/wp\/v2\/media?parent=1807"}],"wp:term":[{"taxonomy":"product_cat","embeddable":true,"href":"https:\/\/andiamoyachting.com\/tr\/wp-json\/wp\/v2\/product_cat?post=1807"},{"taxonomy":"product_tag","embeddable":true,"href":"https:\/\/andiamoyachting.com\/tr\/wp-json\/wp\/v2\/product_tag?post=1807"}],"curies":[{"name":"wp","href":"https:\/\/api.w.org\/{rel}","templated":true}]}}